{"id":82,"date":"2019-08-14T18:27:40","date_gmt":"2019-08-14T16:27:40","guid":{"rendered":"https:\/\/fahnenschwinger.de\/htmlwordpress\/?page_id=82"},"modified":"2025-01-08T14:42:16","modified_gmt":"2025-01-08T13:42:16","slug":"vorteile-dfv","status":"publish","type":"page","link":"https:\/\/fahnenschwinger.de\/htmlwordpress\/vorteile-dfv\/","title":{"rendered":"Vorteile DFV"},"content":{"rendered":"\n<p><p><img loading=\"lazy\" decoding=\"async\" class=\"alignnone size-medium wp-image-14 aligncenter\" src=\"https:\/\/fahnenschwinger.de\/htmlwordpress\/wp-content\/uploads\/2019\/04\/Berlin01-300x200.jpg\" alt=\"\" width=\"300\" height=\"200\" srcset=\"https:\/\/fahnenschwinger.de\/htmlwordpress\/wp-content\/uploads\/2019\/04\/Berlin01-300x200.jpg 300w, https:\/\/fahnenschwinger.de\/htmlwordpress\/wp-content\/uploads\/2019\/04\/Berlin01-768x512.jpg 768w, https:\/\/fahnenschwinger.de\/htmlwordpress\/wp-content\/uploads\/2019\/04\/Berlin01-1024x683.jpg 1024w, https:\/\/fahnenschwinger.de\/htmlwordpress\/wp-content\/uploads\/2019\/04\/Berlin01-1568x1045.jpg 1568w\" sizes=\"auto, (max-width: 300px) 100vw, 300px\" \/><\/p>\n<p>&nbsp;<\/p><\/p>\n\n\n\n<p><strong>Haftpflichtversicherung beim Fahnenschwingen<\/strong><br>Das bedeutet der Fahnenschwinger ist bei <br>Veranstaltungen des DFV, seiner Untergruppen, <br>im Verein bei Auftritten und im Training auch<br>untereinander Haftpflichtversichert.<br><br><strong>Teilnahmeberechtigung an Meisterschaften im <\/strong><br><strong>Fahnenschwingen und im Fahnenhochwerfen<\/strong><\/p>\n\n\n\n<p><strong>Teilnahme an nationalen und internationalen <\/strong><br><strong>Auftritten des DFV<\/strong><\/p>\n\n\n\n<p>V<strong>erg\u00fcnstigte Teilnahme an Lehrg\u00e4ngen und<\/strong> <br><strong>Seminaren<\/strong><\/p>\n\n\n\n<p><strong>Verg\u00fcnstigte Materialbeschaffung von Fahnen <\/strong><br><strong>und St\u00f6cken<\/strong><\/p>\n\n\n\n<p><strong>Unterst\u00fctzung bei Verb\u00e4nden und Beh\u00f6rden<\/strong><\/p>\n\n\n\n<p>und vieles mehr&#8230;.<\/p>\n","protected":false},"excerpt":{"rendered":"<p>&nbsp; Haftpflichtversicherung beim FahnenschwingenDas bedeutet der Fahnenschwinger ist bei Veranstaltungen des DFV, seiner Untergruppen, im Verein bei Auftritten und im Training auchuntereinander Haftpflichtversichert. Teilnahmeberechtigung an Meisterschaften im Fahnenschwingen und im Fahnenhochwerfen Teilnahme an nationalen und internationalen Auftritten des DFV Verg\u00fcnstigte &hellip; <a href=\"https:\/\/fahnenschwinger.de\/htmlwordpress\/vorteile-dfv\/\">Weiterlesen <span class=\"meta-nav\">&rarr;<\/span><\/a><\/p>\n","protected":false},"author":1,"featured_media":94,"parent":0,"menu_order":0,"comment_status":"closed","ping_status":"closed","template":"","meta":{"footnotes":""},"class_list":["post-82","page","type-page","status-publish","has-post-thumbnail","hentry"],"_links":{"self":[{"href":"https:\/\/fahnenschwinger.de\/htmlwordpress\/wp-json\/wp\/v2\/pages\/82","targetHints":{"allow":["GET"]}}],"collection":[{"href":"https:\/\/fahnenschwinger.de\/htmlwordpress\/wp-json\/wp\/v2\/pages"}],"about":[{"href":"https:\/\/fahnenschwinger.de\/htmlwordpress\/wp-json\/wp\/v2\/types\/page"}],"author":[{"embeddable":true,"href":"https:\/\/fahnenschwinger.de\/htmlwordpress\/wp-json\/wp\/v2\/users\/1"}],"replies":[{"embeddable":true,"href":"https:\/\/fahnenschwinger.de\/htmlwordpress\/wp-json\/wp\/v2\/comments?post=82"}],"version-history":[{"count":14,"href":"https:\/\/fahnenschwinger.de\/htmlwordpress\/wp-json\/wp\/v2\/pages\/82\/revisions"}],"predecessor-version":[{"id":1278,"href":"https:\/\/fahnenschwinger.de\/htmlwordpress\/wp-json\/wp\/v2\/pages\/82\/revisions\/1278"}],"wp:featuredmedia":[{"embeddable":true,"href":"https:\/\/fahnenschwinger.de\/htmlwordpress\/wp-json\/wp\/v2\/media\/94"}],"wp:attachment":[{"href":"https:\/\/fahnenschwinger.de\/htmlwordpress\/wp-json\/wp\/v2\/media?parent=82"}],"curies":[{"name":"wp","href":"https:\/\/api.w.org\/{rel}","templated":true}]}}