{"id":54,"date":"2019-04-11T15:18:05","date_gmt":"2019-04-11T13:18:05","guid":{"rendered":"https:\/\/fahnenschwinger.de\/htmlwordpress\/?page_id=54"},"modified":"2025-01-08T14:40:37","modified_gmt":"2025-01-08T13:40:37","slug":"wir-ueber-uns","status":"publish","type":"page","link":"https:\/\/fahnenschwinger.de\/htmlwordpress\/wir-ueber-uns\/","title":{"rendered":"Wir \u00fcber uns"},"content":{"rendered":"<p><!--StartFragment--><\/p>\n\n\n<p><p><img loading=\"lazy\" decoding=\"async\" width=\"300\" height=\"200\" class=\"alignnone size-medium wp-image-33 aligncenter\" src=\"https:\/\/fahnenschwinger.de\/htmlwordpress\/wp-content\/uploads\/2019\/04\/Berlin-Staatsakt-300x200.jpg\" alt=\"\" srcset=\"https:\/\/fahnenschwinger.de\/htmlwordpress\/wp-content\/uploads\/2019\/04\/Berlin-Staatsakt-300x200.jpg 300w, https:\/\/fahnenschwinger.de\/htmlwordpress\/wp-content\/uploads\/2019\/04\/Berlin-Staatsakt.jpg 640w\" sizes=\"auto, (max-width: 300px) 100vw, 300px\" \/><\/p><br><p>\u00a0<\/p><br><p><strong>Gr\u00fcndung<\/strong><\/p><\/p>\n\n\n\n<p>&nbsp;<\/p>\n\n\n\n<p>Als am 31.03.96 in Weinheim an der Bergstra\u00dfe die Arbeitsgemeinschaft f\u00fcr das wettkampfm\u00e4\u00dfige Fahnenschwingen in Deutschland gegr\u00fcndet wurde, war? allen Beteiligten klar, dass dies nur ein \u00dcbergang zu einem sp\u00e4teren? Bundesverband sein konnte. Die beiden damals existierenden Landesverbande, die Nordrhein-westf\u00e4lische Fahnenschwenker-Vereinigung? e. V. und der Landesverband der Fahnenschwinger in <br>Baden-W\u00fcrttemberg e.? V., sahen trotzdem die Notwendigkeit einer Arbeitsgemeinschaft (AG),? denn nicht nur auf dem Sektor der Wettkampfrichtlinien wollten die? beiden Verb\u00e4nde eine bundeseinheitliche L\u00f6sung schaffen.<br><br>Am 22.10.1998 wurde dann der entscheidende Schritt getan.<br><br>Der Deutsche Fahnenschwinger Verband e. V. wurde als gemeinn\u00fctziger Verband in Konstanz eingetragen. Mittlerweile z\u00e4hlt der Verband ann\u00e4hernd 700 Mitglieder aus 8 Bundesl\u00e4ndern.<\/p>\n\n\n\n<p><strong>Ziele<\/strong><\/p>\n\n\n\n<p>Der DFV, dessen Wirkungskreis das ganze Bundesgebiet umfasst, sieht seine Ziele nicht nur im wettkampfm\u00e4\u00dfigen Fahnenschwingen, sondern vielmehr darin das? Fahnenschwingen in seiner Vielfalt und Tradition zu erhalten, zu f\u00f6rdern, und weiter zu verbreiten.<br>Neben dem bestehenden Landesverband aus Baden &#8211; W\u00fcrttemberg haben sich auch <br>Fahnenschwinger und Fahnenschwenker aus weiteren Bundesl\u00e4ndern \u00fcber die <br>bestehenden Landesverb\u00e4nde als kooperative Mitglieder dem DFV angeschlossen. So bestehen bereits seit l\u00e4ngerem Verbindungen nach Bayern, Berlin, Hessen, Niedersachsen, Rheinland Pfalz, Saarland, Sachsen und Th\u00fcringen. . In? Aus- und Weiterbildungslehrg\u00e4ngen f\u00f6rdert der DFV die weitere Entwicklung des Fahnenschwingens in den einzelnen Bundesl\u00e4ndern. Gro\u00dfe Unterst\u00fctzung erh\u00e4lt der DFV hierbei durch den Landesverband.<\/p>\n\n\n<p><!--EndFragment--><\/p>","protected":false},"excerpt":{"rendered":"<p>\u00a0 Gr\u00fcndung &nbsp; Als am 31.03.96 in Weinheim an der Bergstra\u00dfe die Arbeitsgemeinschaft f\u00fcr das wettkampfm\u00e4\u00dfige Fahnenschwingen in Deutschland gegr\u00fcndet wurde, war? allen Beteiligten klar, dass dies nur ein \u00dcbergang zu einem sp\u00e4teren? Bundesverband sein konnte. Die beiden damals existierenden &hellip; <a href=\"https:\/\/fahnenschwinger.de\/htmlwordpress\/wir-ueber-uns\/\">Weiterlesen <span class=\"meta-nav\">&rarr;<\/span><\/a><\/p>\n","protected":false},"author":1,"featured_media":33,"parent":0,"menu_order":0,"comment_status":"closed","ping_status":"closed","template":"","meta":{"footnotes":""},"class_list":["post-54","page","type-page","status-publish","has-post-thumbnail","hentry"],"_links":{"self":[{"href":"https:\/\/fahnenschwinger.de\/htmlwordpress\/wp-json\/wp\/v2\/pages\/54","targetHints":{"allow":["GET"]}}],"collection":[{"href":"https:\/\/fahnenschwinger.de\/htmlwordpress\/wp-json\/wp\/v2\/pages"}],"about":[{"href":"https:\/\/fahnenschwinger.de\/htmlwordpress\/wp-json\/wp\/v2\/types\/page"}],"author":[{"embeddable":true,"href":"https:\/\/fahnenschwinger.de\/htmlwordpress\/wp-json\/wp\/v2\/users\/1"}],"replies":[{"embeddable":true,"href":"https:\/\/fahnenschwinger.de\/htmlwordpress\/wp-json\/wp\/v2\/comments?post=54"}],"version-history":[{"count":7,"href":"https:\/\/fahnenschwinger.de\/htmlwordpress\/wp-json\/wp\/v2\/pages\/54\/revisions"}],"predecessor-version":[{"id":1276,"href":"https:\/\/fahnenschwinger.de\/htmlwordpress\/wp-json\/wp\/v2\/pages\/54\/revisions\/1276"}],"wp:featuredmedia":[{"embeddable":true,"href":"https:\/\/fahnenschwinger.de\/htmlwordpress\/wp-json\/wp\/v2\/media\/33"}],"wp:attachment":[{"href":"https:\/\/fahnenschwinger.de\/htmlwordpress\/wp-json\/wp\/v2\/media?parent=54"}],"curies":[{"name":"wp","href":"https:\/\/api.w.org\/{rel}","templated":true}]}}