{"id":271,"date":"2020-01-15T14:07:21","date_gmt":"2020-01-15T13:07:21","guid":{"rendered":"https:\/\/fahnenschwinger.de\/htmlwordpress\/?page_id=271"},"modified":"2025-01-08T14:48:16","modified_gmt":"2025-01-08T13:48:16","slug":"meisterschaften","status":"publish","type":"page","link":"https:\/\/fahnenschwinger.de\/htmlwordpress\/meisterschaften\/","title":{"rendered":"Meisterschaften"},"content":{"rendered":"<p><img loading=\"lazy\" decoding=\"async\" class=\"alignnone  wp-image-137 aligncenter\" src=\"https:\/\/fahnenschwinger.de\/htmlwordpress\/wp-content\/uploads\/2019\/08\/logofs_2.jpg\" alt=\"\" width=\"160\" height=\"163\" \/><\/p>\n<p>Der Deutsche Fahnenschwinger Verband e. V. richtet in<br \/>regelm\u00e4\u00dfigen Abst\u00e4nden Meisterschaften im Fahnen-<br \/>schwingen aus.<\/p>\n<p>Dabei handelt es sich um Weltmeisterschaften im<br \/>Fahnenhochwerfen und Deutsche Meisterschaften<br \/>im Fahnenschwingen.<\/p>\n<p>Aktuelle Infos zu den Meisterschaften finden Sie im<br \/>Untermen\u00fc dieser Seite.<\/p>\n<p>Weiterhin finden Sie hier Informationen zu den<br \/>vergangenen Meisterschaften.<\/p>\n<p><strong>Wegen der Pandemie fanden in den Jahren 2020 und 2021 keine<br \/>Meisterschaften statt!<\/strong><\/p>\n<p>Aktuelle Listen:<\/p>\n\n\n<div data-wp-interactive=\"core\/file\" class=\"wp-block-file\"><object data-wp-bind--hidden=\"!state.hasPdfPreview\" hidden class=\"wp-block-file__embed\" data=\"https:\/\/fahnenschwinger.de\/htmlwordpress\/wp-content\/uploads\/2022\/04\/Amtierende-Deutsche-Meister-Stand-2019.pdf\" type=\"application\/pdf\" style=\"width:100%;height:200px\" aria-label=\"Einbettung von Amtierende-Deutsche-Meister-Stand-2019.\"><\/object><a id=\"wp-block-file--media-9836b7b1-4d1d-4096-a1fc-7bf311df83cd\" href=\"https:\/\/fahnenschwinger.de\/htmlwordpress\/wp-content\/uploads\/2022\/04\/Amtierende-Deutsche-Meister-Stand-2019.pdf\">Amtierende-Deutsche-Meister-Stand-2019<\/a><a href=\"https:\/\/fahnenschwinger.de\/htmlwordpress\/wp-content\/uploads\/2022\/04\/Amtierende-Deutsche-Meister-Stand-2019.pdf\" class=\"wp-block-file__button wp-element-button\" download aria-describedby=\"wp-block-file--media-9836b7b1-4d1d-4096-a1fc-7bf311df83cd\">Herunterladen<\/a><\/div>\n\n\n\n<div data-wp-interactive=\"core\/file\" class=\"wp-block-file\"><object data-wp-bind--hidden=\"!state.hasPdfPreview\" hidden class=\"wp-block-file__embed\" data=\"https:\/\/fahnenschwinger.de\/htmlwordpress\/wp-content\/uploads\/2023\/07\/Weltmeister-Stand-2023.pdf\" type=\"application\/pdf\" style=\"width:100%;height:260px\" aria-label=\"Einbettung von Weltmeister-Stand-2023.\"><\/object><a id=\"wp-block-file--media-4f09a0cc-7294-47af-87bd-60a08bc3e637\" href=\"https:\/\/fahnenschwinger.de\/htmlwordpress\/wp-content\/uploads\/2023\/07\/Weltmeister-Stand-2023.pdf\">Weltmeister-Stand-2023<\/a><a href=\"https:\/\/fahnenschwinger.de\/htmlwordpress\/wp-content\/uploads\/2023\/07\/Weltmeister-Stand-2023.pdf\" class=\"wp-block-file__button wp-element-button\" download aria-describedby=\"wp-block-file--media-4f09a0cc-7294-47af-87bd-60a08bc3e637\">Herunterladen<\/a><\/div>\n\n\n\n<div data-wp-interactive=\"core\/file\" class=\"wp-block-file\"><object data-wp-bind--hidden=\"!state.hasPdfPreview\" hidden class=\"wp-block-file__embed\" data=\"https:\/\/fahnenschwinger.de\/htmlwordpress\/wp-content\/uploads\/2023\/07\/Weltrekorde-Stand-2023.pdf\" type=\"application\/pdf\" style=\"width:100%;height:310px\" aria-label=\"Einbettung von Weltrekorde-Stand-2023.\"><\/object><a id=\"wp-block-file--media-817135e0-507e-47e6-ac87-3eb4405b769d\" href=\"https:\/\/fahnenschwinger.de\/htmlwordpress\/wp-content\/uploads\/2023\/07\/Weltrekorde-Stand-2023.pdf\">Weltrekorde-Stand-2023<\/a><a href=\"https:\/\/fahnenschwinger.de\/htmlwordpress\/wp-content\/uploads\/2023\/07\/Weltrekorde-Stand-2023.pdf\" class=\"wp-block-file__button wp-element-button\" download aria-describedby=\"wp-block-file--media-817135e0-507e-47e6-ac87-3eb4405b769d\">Herunterladen<\/a><\/div>\n","protected":false},"excerpt":{"rendered":"<p>Der Deutsche Fahnenschwinger Verband e. V. richtet inregelm\u00e4\u00dfigen Abst\u00e4nden Meisterschaften im Fahnen-schwingen aus. Dabei handelt es sich um Weltmeisterschaften imFahnenhochwerfen und Deutsche Meisterschaftenim Fahnenschwingen. Aktuelle Infos zu den Meisterschaften finden Sie imUntermen\u00fc dieser Seite. Weiterhin finden Sie hier Informationen zu &hellip; <a href=\"https:\/\/fahnenschwinger.de\/htmlwordpress\/meisterschaften\/\">Weiterlesen <span class=\"meta-nav\">&rarr;<\/span><\/a><\/p>\n","protected":false},"author":1,"featured_media":0,"parent":0,"menu_order":0,"comment_status":"closed","ping_status":"closed","template":"","meta":{"footnotes":""},"class_list":["post-271","page","type-page","status-publish","hentry"],"_links":{"self":[{"href":"https:\/\/fahnenschwinger.de\/htmlwordpress\/wp-json\/wp\/v2\/pages\/271","targetHints":{"allow":["GET"]}}],"collection":[{"href":"https:\/\/fahnenschwinger.de\/htmlwordpress\/wp-json\/wp\/v2\/pages"}],"about":[{"href":"https:\/\/fahnenschwinger.de\/htmlwordpress\/wp-json\/wp\/v2\/types\/page"}],"author":[{"embeddable":true,"href":"https:\/\/fahnenschwinger.de\/htmlwordpress\/wp-json\/wp\/v2\/users\/1"}],"replies":[{"embeddable":true,"href":"https:\/\/fahnenschwinger.de\/htmlwordpress\/wp-json\/wp\/v2\/comments?post=271"}],"version-history":[{"count":17,"href":"https:\/\/fahnenschwinger.de\/htmlwordpress\/wp-json\/wp\/v2\/pages\/271\/revisions"}],"predecessor-version":[{"id":1284,"href":"https:\/\/fahnenschwinger.de\/htmlwordpress\/wp-json\/wp\/v2\/pages\/271\/revisions\/1284"}],"wp:attachment":[{"href":"https:\/\/fahnenschwinger.de\/htmlwordpress\/wp-json\/wp\/v2\/media?parent=271"}],"curies":[{"name":"wp","href":"https:\/\/api.w.org\/{rel}","templated":true}]}}