{"id":230,"date":"2020-01-14T10:13:24","date_gmt":"2020-01-14T09:13:24","guid":{"rendered":"https:\/\/fahnenschwinger.de\/htmlwordpress\/?page_id=230"},"modified":"2026-03-28T18:25:07","modified_gmt":"2026-03-28T17:25:07","slug":"bestimmungen","status":"publish","type":"page","link":"https:\/\/fahnenschwinger.de\/htmlwordpress\/bestimmungen\/","title":{"rendered":"Bestimmungen und Ordnungen"},"content":{"rendered":"\n<p>Der Deutsche Fahnenschwinger Verband e. V. stellt<br>folgende Bestimmungen und Ordnungen zum&nbsp;Download bereit:<\/p>\n\n\n\n<p><a href=\"https:\/\/fahnenschwinger.de\/htmlwordpress\/wp-content\/uploads\/2022\/04\/Satzung-2021-1-1-1.pdf\" target=\"_blank\" rel=\"noreferrer noopener\"><strong>Satzung 2021<\/strong><\/a><\/p>\n\n\n\n<p><strong><a href=\"https:\/\/fahnenschwinger.de\/htmlwordpress\/wp-content\/uploads\/2025\/07\/DFV-Geschaeftsordnung-2025.pdf\" target=\"_blank\" rel=\"noreferrer noopener\">Gesch\u00e4ftsordnung 2025<\/a><\/strong><\/p>\n\n\n\n<p><strong><a href=\"https:\/\/fahnenschwinger.de\/htmlwordpress\/wp-content\/uploads\/2022\/04\/Ehrenratsordnung-2021.pdf\" target=\"_blank\" rel=\"noreferrer noopener\">Ehrenratsordnung 2021<\/a><\/strong><\/p>\n\n\n\n<p><strong><a href=\"https:\/\/fahnenschwinger.de\/htmlwordpress\/wp-content\/uploads\/2022\/04\/DFV-Ehrenordnung-2022.pdf\" target=\"_blank\" rel=\"noreferrer noopener\">Ehrenordnung 2022<\/a><\/strong><\/p>\n\n\n\n<p><strong><a href=\"https:\/\/fahnenschwinger.de\/htmlwordpress\/wp-content\/uploads\/2023\/04\/WettkBest-2023-1.pdf\" target=\"_blank\" rel=\"noreferrer noopener\">Wettkampfbestimmungen 2023<\/a><\/strong><\/p>\n\n\n\n<p><strong><a href=\"https:\/\/fahnenschwinger.de\/htmlwordpress\/wp-content\/uploads\/2022\/04\/DFV-WettkDVO-2020-1.pdf\" target=\"_blank\" rel=\"noreferrer noopener\">Durchf\u00fchrungsverordnung f\u00fcr Wettk\u00e4mpfe 2020 (WettkDVO)<\/a><\/strong><\/p>\n\n\n\n<p><strong><a href=\"https:\/\/fahnenschwinger.de\/htmlwordpress\/wp-content\/uploads\/2025\/07\/DFV-AOW-2025.pdf\" target=\"_blank\" rel=\"noreferrer noopener\">Ausbildungsordnung f\u00fcr Wettkampfrichter 2025 (AOW)<\/a><\/strong><\/p>\n\n\n\n<p><strong><a href=\"https:\/\/fahnenschwinger.de\/htmlwordpress\/wp-content\/uploads\/2022\/04\/DFV-Kostenordnung-2022.pdf\" target=\"_blank\" rel=\"noreferrer noopener\">Kostenordnung 2022<\/a><\/strong><\/p>\n\n\n\n<p>Beschreibung Deutsche Reihe<br><\/p>\n\n\n\n<div data-wp-interactive=\"core\/file\" class=\"wp-block-file\"><object data-wp-bind--hidden=\"!state.hasPdfPreview\" hidden class=\"wp-block-file__embed\" data=\"https:\/\/fahnenschwinger.de\/htmlwordpress\/wp-content\/uploads\/2022\/04\/Deutsche-Reihe-2020.pdf\" type=\"application\/pdf\" style=\"width:100%;height:200px\" aria-label=\"Einbettung von Deutsche-Reihe-2020.\"><\/object><a id=\"wp-block-file--media-0edc0b2f-85ee-4f79-8d2d-7c8e1f7fa453\" href=\"https:\/\/fahnenschwinger.de\/htmlwordpress\/wp-content\/uploads\/2022\/04\/Deutsche-Reihe-2020.pdf\">Deutsche-Reihe-2020<\/a><a href=\"https:\/\/fahnenschwinger.de\/htmlwordpress\/wp-content\/uploads\/2022\/04\/Deutsche-Reihe-2020.pdf\" class=\"wp-block-file__button wp-element-button\" download aria-describedby=\"wp-block-file--media-0edc0b2f-85ee-4f79-8d2d-7c8e1f7fa453\">Herunterladen<\/a><\/div>\n\n\n\n<p><strong>Dokumente Deutsche Meisterschaft<\/strong><\/p>\n\n\n\n<p>Einverst?ndniserkl?rung<br><\/p>\n\n\n\n<div data-wp-interactive=\"core\/file\" class=\"wp-block-file\"><object data-wp-bind--hidden=\"!state.hasPdfPreview\" hidden class=\"wp-block-file__embed\" data=\"https:\/\/fahnenschwinger.de\/htmlwordpress\/wp-content\/uploads\/2022\/04\/DFV-Einverstaendniserklaerung.pdf\" type=\"application\/pdf\" style=\"width:100%;height:200px\" aria-label=\"Einbettung von DFV-Einverstaendniserklaerung.\"><\/object><a id=\"wp-block-file--media-2ddf4d52-cc34-4920-90b6-fd792a1b0518\" href=\"https:\/\/fahnenschwinger.de\/htmlwordpress\/wp-content\/uploads\/2022\/04\/DFV-Einverstaendniserklaerung.pdf\">DFV-Einverstaendniserklaerung<\/a><a href=\"https:\/\/fahnenschwinger.de\/htmlwordpress\/wp-content\/uploads\/2022\/04\/DFV-Einverstaendniserklaerung.pdf\" class=\"wp-block-file__button wp-element-button\" download aria-describedby=\"wp-block-file--media-2ddf4d52-cc34-4920-90b6-fd792a1b0518\">Herunterladen<\/a><\/div>\n\n\n\n<p>Einwilligungserkl?rung Internet<br><\/p>\n\n\n\n<div data-wp-interactive=\"core\/file\" class=\"wp-block-file\"><object data-wp-bind--hidden=\"!state.hasPdfPreview\" hidden class=\"wp-block-file__embed\" data=\"https:\/\/fahnenschwinger.de\/htmlwordpress\/wp-content\/uploads\/2022\/04\/DFV-Einwilligungserklaerung-Internet.pdf\" type=\"application\/pdf\" style=\"width:100%;height:200px\" aria-label=\"Einbettung von DFV-Einwilligungserklaerung-Internet.\"><\/object><a id=\"wp-block-file--media-b5f2b7d4-3575-442f-aaa7-0c89f6f92811\" href=\"https:\/\/fahnenschwinger.de\/htmlwordpress\/wp-content\/uploads\/2022\/04\/DFV-Einwilligungserklaerung-Internet.pdf\">DFV-Einwilligungserklaerung-Internet<\/a><a href=\"https:\/\/fahnenschwinger.de\/htmlwordpress\/wp-content\/uploads\/2022\/04\/DFV-Einwilligungserklaerung-Internet.pdf\" class=\"wp-block-file__button wp-element-button\" download aria-describedby=\"wp-block-file--media-b5f2b7d4-3575-442f-aaa7-0c89f6f92811\">Herunterladen<\/a><\/div>\n\n\n\n<p>Einzugserm?chtigung Startgeld<br><\/p>\n\n\n\n<div data-wp-interactive=\"core\/file\" class=\"wp-block-file\"><object data-wp-bind--hidden=\"!state.hasPdfPreview\" hidden class=\"wp-block-file__embed\" data=\"https:\/\/fahnenschwinger.de\/htmlwordpress\/wp-content\/uploads\/2022\/04\/DFV-SEPA-Einzugsermaechtigung-1.pdf\" type=\"application\/pdf\" style=\"width:100%;height:200px\" aria-label=\"Einbettung von DFV-SEPA-Einzugsermaechtigung-1.\"><\/object><a id=\"wp-block-file--media-b10e79b3-57b2-46a5-8664-0d37b3885dfc\" href=\"https:\/\/fahnenschwinger.de\/htmlwordpress\/wp-content\/uploads\/2022\/04\/DFV-SEPA-Einzugsermaechtigung-1.pdf\">DFV-SEPA-Einzugsermaechtigung-1<\/a><a href=\"https:\/\/fahnenschwinger.de\/htmlwordpress\/wp-content\/uploads\/2022\/04\/DFV-SEPA-Einzugsermaechtigung-1.pdf\" class=\"wp-block-file__button wp-element-button\" download aria-describedby=\"wp-block-file--media-b10e79b3-57b2-46a5-8664-0d37b3885dfc\">Herunterladen<\/a><\/div>\n\n\n\n<p>Meldebogen Einzel<br><\/p>\n\n\n\n<div data-wp-interactive=\"core\/file\" class=\"wp-block-file\"><object data-wp-bind--hidden=\"!state.hasPdfPreview\" hidden class=\"wp-block-file__embed\" data=\"https:\/\/fahnenschwinger.de\/htmlwordpress\/wp-content\/uploads\/2022\/04\/Meldebogen-Einzel.pdf\" type=\"application\/pdf\" style=\"width:100%;height:200px\" aria-label=\"Einbettung von Meldebogen-Einzel.\"><\/object><a id=\"wp-block-file--media-f84abaca-f9e0-44d4-b801-e6aed091a8ee\" href=\"https:\/\/fahnenschwinger.de\/htmlwordpress\/wp-content\/uploads\/2022\/04\/Meldebogen-Einzel.pdf\">Meldebogen-Einzel<\/a><a href=\"https:\/\/fahnenschwinger.de\/htmlwordpress\/wp-content\/uploads\/2022\/04\/Meldebogen-Einzel.pdf\" class=\"wp-block-file__button wp-element-button\" download aria-describedby=\"wp-block-file--media-f84abaca-f9e0-44d4-b801-e6aed091a8ee\">Herunterladen<\/a><\/div>\n\n\n\n<p>Meldebogen Duett<br><\/p>\n\n\n\n<div data-wp-interactive=\"core\/file\" class=\"wp-block-file\"><object data-wp-bind--hidden=\"!state.hasPdfPreview\" hidden class=\"wp-block-file__embed\" data=\"https:\/\/fahnenschwinger.de\/htmlwordpress\/wp-content\/uploads\/2022\/04\/Meldebogen-Duett.pdf\" type=\"application\/pdf\" style=\"width:100%;height:200px\" aria-label=\"Einbettung von Meldebogen-Duett.\"><\/object><a id=\"wp-block-file--media-d421fd19-4065-400c-a0ce-0fd99cef66f3\" href=\"https:\/\/fahnenschwinger.de\/htmlwordpress\/wp-content\/uploads\/2022\/04\/Meldebogen-Duett.pdf\">Meldebogen-Duett<\/a><a href=\"https:\/\/fahnenschwinger.de\/htmlwordpress\/wp-content\/uploads\/2022\/04\/Meldebogen-Duett.pdf\" class=\"wp-block-file__button wp-element-button\" download aria-describedby=\"wp-block-file--media-d421fd19-4065-400c-a0ce-0fd99cef66f3\">Herunterladen<\/a><\/div>\n\n\n\n<p>Meldebogen Akrobatik<br><\/p>\n\n\n\n<div data-wp-interactive=\"core\/file\" class=\"wp-block-file\"><object data-wp-bind--hidden=\"!state.hasPdfPreview\" hidden class=\"wp-block-file__embed\" data=\"https:\/\/fahnenschwinger.de\/htmlwordpress\/wp-content\/uploads\/2022\/04\/Meldebogen-Akrobatik.pdf\" type=\"application\/pdf\" style=\"width:100%;height:200px\" aria-label=\"Einbettung von Meldebogen-Akrobatik.\"><\/object><a id=\"wp-block-file--media-eefe1148-2e9f-4881-a5e9-b8850452f009\" href=\"https:\/\/fahnenschwinger.de\/htmlwordpress\/wp-content\/uploads\/2022\/04\/Meldebogen-Akrobatik.pdf\">Meldebogen-Akrobatik<\/a><a href=\"https:\/\/fahnenschwinger.de\/htmlwordpress\/wp-content\/uploads\/2022\/04\/Meldebogen-Akrobatik.pdf\" class=\"wp-block-file__button wp-element-button\" download aria-describedby=\"wp-block-file--media-eefe1148-2e9f-4881-a5e9-b8850452f009\">Herunterladen<\/a><\/div>\n\n\n\n<p>Meldebogen Deutsche Reihe Gruppen &#8211; Synchron<br><\/p>\n\n\n\n<div data-wp-interactive=\"core\/file\" class=\"wp-block-file\"><object data-wp-bind--hidden=\"!state.hasPdfPreview\" hidden class=\"wp-block-file__embed\" data=\"https:\/\/fahnenschwinger.de\/htmlwordpress\/wp-content\/uploads\/2022\/04\/Meldebogen-Dt.-Reihe-Gruppensynchron.pdf\" type=\"application\/pdf\" style=\"width:100%;height:200px\" aria-label=\"Einbettung von Meldebogen-Dt.-Reihe-Gruppensynchron.\"><\/object><a id=\"wp-block-file--media-3530ff03-928a-4dad-ac28-2ca9a43c238c\" href=\"https:\/\/fahnenschwinger.de\/htmlwordpress\/wp-content\/uploads\/2022\/04\/Meldebogen-Dt.-Reihe-Gruppensynchron.pdf\">Meldebogen-Dt.-Reihe-Gruppensynchron<\/a><a href=\"https:\/\/fahnenschwinger.de\/htmlwordpress\/wp-content\/uploads\/2022\/04\/Meldebogen-Dt.-Reihe-Gruppensynchron.pdf\" class=\"wp-block-file__button wp-element-button\" download aria-describedby=\"wp-block-file--media-3530ff03-928a-4dad-ac28-2ca9a43c238c\">Herunterladen<\/a><\/div>\n\n\n\n<p>Meldebogen FS im Gehen<br><\/p>\n\n\n\n<div data-wp-interactive=\"core\/file\" class=\"wp-block-file\"><object data-wp-bind--hidden=\"!state.hasPdfPreview\" hidden class=\"wp-block-file__embed\" data=\"https:\/\/fahnenschwinger.de\/htmlwordpress\/wp-content\/uploads\/2022\/04\/Meldebogen-FS-im-Gehen.pdf\" type=\"application\/pdf\" style=\"width:100%;height:200px\" aria-label=\"Einbettung von Meldebogen-FS-im-Gehen.\"><\/object><a id=\"wp-block-file--media-951bcb74-662d-482e-a73a-1619d5959a83\" href=\"https:\/\/fahnenschwinger.de\/htmlwordpress\/wp-content\/uploads\/2022\/04\/Meldebogen-FS-im-Gehen.pdf\">Meldebogen-FS-im-Gehen<\/a><a href=\"https:\/\/fahnenschwinger.de\/htmlwordpress\/wp-content\/uploads\/2022\/04\/Meldebogen-FS-im-Gehen.pdf\" class=\"wp-block-file__button wp-element-button\" download aria-describedby=\"wp-block-file--media-951bcb74-662d-482e-a73a-1619d5959a83\">Herunterladen<\/a><\/div>\n\n\n\n<p>Meldebogen Gruppen &#8211; Synchron<br><\/p>\n\n\n\n<div data-wp-interactive=\"core\/file\" class=\"wp-block-file\"><object data-wp-bind--hidden=\"!state.hasPdfPreview\" hidden class=\"wp-block-file__embed\" data=\"https:\/\/fahnenschwinger.de\/htmlwordpress\/wp-content\/uploads\/2022\/04\/Meldebogen-Gruppen-Synchron.pdf\" type=\"application\/pdf\" style=\"width:100%;height:200px\" aria-label=\"Einbettung von Meldebogen-Gruppen-Synchron.\"><\/object><a id=\"wp-block-file--media-9f165d5c-0460-44dc-bfd4-efd3f7a2da25\" href=\"https:\/\/fahnenschwinger.de\/htmlwordpress\/wp-content\/uploads\/2022\/04\/Meldebogen-Gruppen-Synchron.pdf\">Meldebogen-Gruppen-Synchron<\/a><a href=\"https:\/\/fahnenschwinger.de\/htmlwordpress\/wp-content\/uploads\/2022\/04\/Meldebogen-Gruppen-Synchron.pdf\" class=\"wp-block-file__button wp-element-button\" download aria-describedby=\"wp-block-file--media-9f165d5c-0460-44dc-bfd4-efd3f7a2da25\">Herunterladen<\/a><\/div>\n\n\n\n<p>Meldebogen Mannschaft namentlich<br><\/p>\n\n\n\n<div data-wp-interactive=\"core\/file\" class=\"wp-block-file\"><object data-wp-bind--hidden=\"!state.hasPdfPreview\" hidden class=\"wp-block-file__embed\" data=\"https:\/\/fahnenschwinger.de\/htmlwordpress\/wp-content\/uploads\/2022\/04\/Meldebogen-Mannschaften-namentlich.pdf\" type=\"application\/pdf\" style=\"width:100%;height:200px\" aria-label=\"Einbettung von Meldebogen-Mannschaften-namentlich.\"><\/object><a id=\"wp-block-file--media-7d9c9b15-e104-47c8-a3ac-8a48372af1a4\" href=\"https:\/\/fahnenschwinger.de\/htmlwordpress\/wp-content\/uploads\/2022\/04\/Meldebogen-Mannschaften-namentlich.pdf\">Meldebogen-Mannschaften-namentlich<\/a><a href=\"https:\/\/fahnenschwinger.de\/htmlwordpress\/wp-content\/uploads\/2022\/04\/Meldebogen-Mannschaften-namentlich.pdf\" class=\"wp-block-file__button wp-element-button\" download aria-describedby=\"wp-block-file--media-7d9c9b15-e104-47c8-a3ac-8a48372af1a4\">Herunterladen<\/a><\/div>\n\n\n\n<p>Meldebogen Mannschaft<br><\/p>\n\n\n\n<div data-wp-interactive=\"core\/file\" class=\"wp-block-file\"><object data-wp-bind--hidden=\"!state.hasPdfPreview\" hidden class=\"wp-block-file__embed\" data=\"https:\/\/fahnenschwinger.de\/htmlwordpress\/wp-content\/uploads\/2022\/04\/Meldebogen-Mannschaften.pdf\" type=\"application\/pdf\" style=\"width:100%;height:200px\" aria-label=\"Einbettung von Meldebogen-Mannschaften.\"><\/object><a id=\"wp-block-file--media-3155adf0-5347-4c72-a064-074c1e683407\" href=\"https:\/\/fahnenschwinger.de\/htmlwordpress\/wp-content\/uploads\/2022\/04\/Meldebogen-Mannschaften.pdf\">Meldebogen-Mannschaften<\/a><a href=\"https:\/\/fahnenschwinger.de\/htmlwordpress\/wp-content\/uploads\/2022\/04\/Meldebogen-Mannschaften.pdf\" class=\"wp-block-file__button wp-element-button\" download aria-describedby=\"wp-block-file--media-3155adf0-5347-4c72-a064-074c1e683407\">Herunterladen<\/a><\/div>\n\n\n\n<p>Meldebogen showm??iges Fahnenschwingen<br><\/p>\n\n\n\n<div data-wp-interactive=\"core\/file\" class=\"wp-block-file\"><object data-wp-bind--hidden=\"!state.hasPdfPreview\" hidden class=\"wp-block-file__embed\" data=\"https:\/\/fahnenschwinger.de\/htmlwordpress\/wp-content\/uploads\/2022\/04\/Meldebogen-Showmaessiges-Fahnenschwingen.pdf\" type=\"application\/pdf\" style=\"width:100%;height:200px\" aria-label=\"Einbettung von Meldebogen-Showmaessiges-Fahnenschwingen.\"><\/object><a id=\"wp-block-file--media-f1edd210-f148-408f-8099-c58045d895e9\" href=\"https:\/\/fahnenschwinger.de\/htmlwordpress\/wp-content\/uploads\/2022\/04\/Meldebogen-Showmaessiges-Fahnenschwingen.pdf\">Meldebogen-Showmaessiges-Fahnenschwingen<\/a><a href=\"https:\/\/fahnenschwinger.de\/htmlwordpress\/wp-content\/uploads\/2022\/04\/Meldebogen-Showmaessiges-Fahnenschwingen.pdf\" class=\"wp-block-file__button wp-element-button\" download aria-describedby=\"wp-block-file--media-f1edd210-f148-408f-8099-c58045d895e9\">Herunterladen<\/a><\/div>\n\n\n\n<p><\/p>\n\n\n\n<p><br><br><\/p>\n\n\n\n<p><br><\/p>\n\n\n\n<p><br><\/p>\n\n\n\n<p><\/p>\n\n\n\n<p><\/p>\n","protected":false},"excerpt":{"rendered":"<p>Der Deutsche Fahnenschwinger Verband e. V. stelltfolgende Bestimmungen und Ordnungen zum&nbsp;Download bereit: Satzung 2021 Gesch\u00e4ftsordnung 2025 Ehrenratsordnung 2021 Ehrenordnung 2022 Wettkampfbestimmungen 2023 Durchf\u00fchrungsverordnung f\u00fcr Wettk\u00e4mpfe 2020 (WettkDVO) Ausbildungsordnung f\u00fcr Wettkampfrichter 2025 (AOW) Kostenordnung 2022 Beschreibung Deutsche Reihe Dokumente Deutsche Meisterschaft &hellip; <a href=\"https:\/\/fahnenschwinger.de\/htmlwordpress\/bestimmungen\/\">Weiterlesen <span class=\"meta-nav\">&rarr;<\/span><\/a><\/p>\n","protected":false},"author":1,"featured_media":0,"parent":0,"menu_order":0,"comment_status":"closed","ping_status":"closed","template":"","meta":{"footnotes":""},"class_list":["post-230","page","type-page","status-publish","hentry"],"_links":{"self":[{"href":"https:\/\/fahnenschwinger.de\/htmlwordpress\/wp-json\/wp\/v2\/pages\/230","targetHints":{"allow":["GET"]}}],"collection":[{"href":"https:\/\/fahnenschwinger.de\/htmlwordpress\/wp-json\/wp\/v2\/pages"}],"about":[{"href":"https:\/\/fahnenschwinger.de\/htmlwordpress\/wp-json\/wp\/v2\/types\/page"}],"author":[{"embeddable":true,"href":"https:\/\/fahnenschwinger.de\/htmlwordpress\/wp-json\/wp\/v2\/users\/1"}],"replies":[{"embeddable":true,"href":"https:\/\/fahnenschwinger.de\/htmlwordpress\/wp-json\/wp\/v2\/comments?post=230"}],"version-history":[{"count":31,"href":"https:\/\/fahnenschwinger.de\/htmlwordpress\/wp-json\/wp\/v2\/pages\/230\/revisions"}],"predecessor-version":[{"id":1391,"href":"https:\/\/fahnenschwinger.de\/htmlwordpress\/wp-json\/wp\/v2\/pages\/230\/revisions\/1391"}],"wp:attachment":[{"href":"https:\/\/fahnenschwinger.de\/htmlwordpress\/wp-json\/wp\/v2\/media?parent=230"}],"curies":[{"name":"wp","href":"https:\/\/api.w.org\/{rel}","templated":true}]}}