{"id":1174,"date":"2024-01-29T12:54:30","date_gmt":"2024-01-29T11:54:30","guid":{"rendered":"https:\/\/fahnenschwinger.de\/htmlwordpress\/?page_id=1174"},"modified":"2025-01-08T14:46:36","modified_gmt":"2025-01-08T13:46:36","slug":"wm-2024","status":"publish","type":"page","link":"https:\/\/fahnenschwinger.de\/htmlwordpress\/wm-2024\/","title":{"rendered":"WM 2024"},"content":{"rendered":"\n<p>Die Hoogwerpers in Belgien f\u00fchren<br>am 9. Mai 2024 eine WM im Fahnenhochwerfen<br>mit der gro\u00dfen Fahne durch.<br>Weitere Infos folgen.<\/p>\n\n\n\n<p>Eine WM im Fahnenhochwerfen mit der kleinen Fahne<br>ist f\u00fcr 2024 zurzeit nicht geplant.<br><\/p>\n\n\n\n<p><\/p>\n","protected":false},"excerpt":{"rendered":"<p>Die Hoogwerpers in Belgien f\u00fchrenam 9. Mai 2024 eine WM im Fahnenhochwerfenmit der gro\u00dfen Fahne durch.Weitere Infos folgen. Eine WM im Fahnenhochwerfen mit der kleinen Fahneist f\u00fcr 2024 zurzeit nicht geplant.<\/p>\n","protected":false},"author":1,"featured_media":0,"parent":0,"menu_order":0,"comment_status":"closed","ping_status":"closed","template":"","meta":{"footnotes":""},"class_list":["post-1174","page","type-page","status-publish","hentry"],"_links":{"self":[{"href":"https:\/\/fahnenschwinger.de\/htmlwordpress\/wp-json\/wp\/v2\/pages\/1174","targetHints":{"allow":["GET"]}}],"collection":[{"href":"https:\/\/fahnenschwinger.de\/htmlwordpress\/wp-json\/wp\/v2\/pages"}],"about":[{"href":"https:\/\/fahnenschwinger.de\/htmlwordpress\/wp-json\/wp\/v2\/types\/page"}],"author":[{"embeddable":true,"href":"https:\/\/fahnenschwinger.de\/htmlwordpress\/wp-json\/wp\/v2\/users\/1"}],"replies":[{"embeddable":true,"href":"https:\/\/fahnenschwinger.de\/htmlwordpress\/wp-json\/wp\/v2\/comments?post=1174"}],"version-history":[{"count":2,"href":"https:\/\/fahnenschwinger.de\/htmlwordpress\/wp-json\/wp\/v2\/pages\/1174\/revisions"}],"predecessor-version":[{"id":1282,"href":"https:\/\/fahnenschwinger.de\/htmlwordpress\/wp-json\/wp\/v2\/pages\/1174\/revisions\/1282"}],"wp:attachment":[{"href":"https:\/\/fahnenschwinger.de\/htmlwordpress\/wp-json\/wp\/v2\/media?parent=1174"}],"curies":[{"name":"wp","href":"https:\/\/api.w.org\/{rel}","templated":true}]}}